{"id":132,"date":"2020-05-18T10:39:19","date_gmt":"2020-05-18T08:39:19","guid":{"rendered":"https:\/\/www.porno-videa.eu\/dmca\/"},"modified":"2024-07-31T12:50:52","modified_gmt":"2024-07-31T10:50:52","slug":"dmca","status":"publish","type":"page","link":"https:\/\/www.porno-videa.eu\/?page_id=132","title":{"rendered":"DMCA"},"content":{"rendered":"<p>\u0158\u00edd\u00edme se po\u017eadavky na Ozn\u00e1men\u00ed a Sta\u017een\u00ed podle \u00a7 512 z\u00e1kona o digit\u00e1ln\u00edm autorsk\u00e9m pr\u00e1vu (DMCA). Tento web kvalifikuje jako \u201eposkytovatel slu\u017eeb\u201c podle DMCA. M\u00e1me tedy ur\u010dit\u00e1 ochrann\u00e1 opat\u0159en\u00ed proti n\u00e1rok\u016fm na poru\u0161en\u00ed autorsk\u00e9ho pr\u00e1va, \u010dasto ozna\u010dovan\u00e1 jako \u201eochrann\u00e9 p\u0159\u00edstavy\u201c. Proto potvrzujeme n\u00e1sleduj\u00edc\u00ed politiku Ozn\u00e1men\u00ed a Sta\u017een\u00ed t\u00fdkaj\u00edc\u00ed se n\u00e1rok\u016f na poru\u0161en\u00ed autorsk\u00e9ho pr\u00e1va na\u0161imi u\u017eivateli.<\/p>\n<p>Ozn\u00e1men\u00ed o \u00fadajn\u00e9m poru\u0161en\u00ed:<\/p>\n<p>Pokud se domn\u00edv\u00e1te, \u017ee va\u0161e d\u00edlo bylo zkop\u00edrov\u00e1no zp\u016fsobem, kter\u00fd p\u0159edstavuje poru\u0161en\u00ed autorsk\u00e9ho pr\u00e1va, poskytn\u011bte n\u00e1m n\u00e1sleduj\u00edc\u00ed informace:<\/p>\n<p>(a) elektronick\u00fd nebo fyzick\u00fd podpis osoby opr\u00e1vn\u011bn\u00e9 jednat jm\u00e9nem vlastn\u00edka autorsk\u00e9ho pr\u00e1va nebo jin\u00e9ho du\u0161evn\u00edho vlastnictv\u00ed;<\/p>\n<p>(b) popis autorsky chr\u00e1n\u011bn\u00e9ho d\u00edla nebo jin\u00e9ho du\u0161evn\u00edho vlastnictv\u00ed, kter\u00e9 tvrd\u00edte, \u017ee bylo poru\u0161eno;<\/p>\n<p>(c) va\u0161e adresa, telefonn\u00ed \u010d\u00edslo a e-mailov\u00e1 adresa;<\/p>\n<p>(d) prohl\u00e1\u0161en\u00ed od v\u00e1s, \u017ee m\u00e1te v dobr\u00e9 v\u00ed\u0159e p\u0159esv\u011bd\u010den\u00ed, \u017ee sporn\u00e9 pou\u017eit\u00ed nen\u00ed povoleno vlastn\u00edkem autorsk\u00e9ho pr\u00e1va, jeho z\u00e1stupcem nebo z\u00e1konem;<\/p>\n<p>(e) prohl\u00e1\u0161en\u00ed od v\u00e1s, u\u010din\u011bn\u00e9 pod p\u0159\u00edsahou, \u017ee v\u00fd\u0161e uveden\u00e9 informace v va\u0161em ozn\u00e1men\u00ed jsou p\u0159esn\u00e9 a \u017ee jste vlastn\u00edkem autorsk\u00e9ho pr\u00e1va nebo du\u0161evn\u00edho vlastnictv\u00ed, nebo jste opr\u00e1vn\u011bni jednat jm\u00e9nem vlastn\u00edka autorsk\u00e9ho pr\u00e1va nebo du\u0161evn\u00edho vlastnictv\u00ed.<\/p>\n<p>Postup sta\u017een\u00ed<\/p>\n<p>Vyhrazujeme si pr\u00e1vo kdykoli odstranit jak\u00fdkoli materi\u00e1l nebo \u010dinnost na na\u0161ich str\u00e1nk\u00e1ch a materi\u00e1l, kter\u00fd je tvrzen jako poru\u0161uj\u00edc\u00ed, nebo na z\u00e1klad\u011b fakt\u016f \u010di okolnost\u00ed, z nich\u017e poru\u0161en\u00ed je z\u0159ejm\u00e9. Na\u0161\u00ed politikou je ukon\u010dit \u00fa\u010det opakovan\u00fdch poru\u0161ovatel\u016f autorsk\u00e9ho pr\u00e1va, pokud je to vhodn\u00e9, a budeme rychle jednat k odstran\u011bn\u00ed p\u0159\u00edstupu ke v\u0161em materi\u00e1l\u016fm, kter\u00e9 poru\u0161uj\u00ed autorsk\u00e1 pr\u00e1va jin\u00fdch, v souladu s postupem stanoven\u00fdm v \u00a7 17 U.S.C. \u00a7 512 z\u00e1kona o digit\u00e1ln\u00edm autorsk\u00e9m pr\u00e1vu (DMCA).<\/p>\n<p>Vyhrazujeme si pr\u00e1vo upravit, zm\u011bnit nebo p\u0159idat k t\u00e9to politice, a v\u0161ichni u\u017eivatel\u00e9 by m\u011bli pravideln\u011b kontrolovat tyto podm\u00ednky a p\u0159\u00edpadn\u00e9 zm\u011bny.<\/p>\n","protected":false},"excerpt":{"rendered":"<p>\u0158\u00edd\u00edme se po\u017eadavky na Ozn\u00e1men\u00ed a Sta\u017een\u00ed podle \u00a7 512 z\u00e1kona o digit\u00e1ln\u00edm autorsk\u00e9m pr\u00e1vu (DMCA). Tento web kvalifikuje jako \u201eposkytovatel slu\u017eeb\u201c podle DMCA. M\u00e1me tedy ur\u010dit\u00e1 ochrann\u00e1 opat\u0159en\u00ed proti n\u00e1rok\u016fm na poru\u0161en\u00ed autorsk\u00e9ho pr\u00e1va, \u010dasto ozna\u010dovan\u00e1 jako \u201eochrann\u00e9 p\u0159\u00edstavy\u201c. Proto potvrzujeme n\u00e1sleduj\u00edc\u00ed politiku Ozn\u00e1men\u00ed a Sta\u017een\u00ed t\u00fdkaj\u00edc\u00ed se n\u00e1rok\u016f na poru\u0161en\u00ed autorsk\u00e9ho pr\u00e1va na\u0161imi [&hellip;]<\/p>\n","protected":false},"author":1,"featured_media":0,"parent":0,"menu_order":0,"comment_status":"closed","ping_status":"closed","template":"","meta":{"footnotes":""},"class_list":["post-132","page","type-page","status-publish","hentry"],"_links":{"self":[{"href":"https:\/\/www.porno-videa.eu\/index.php?rest_route=\/wp\/v2\/pages\/132","targetHints":{"allow":["GET"]}}],"collection":[{"href":"https:\/\/www.porno-videa.eu\/index.php?rest_route=\/wp\/v2\/pages"}],"about":[{"href":"https:\/\/www.porno-videa.eu\/index.php?rest_route=\/wp\/v2\/types\/page"}],"author":[{"embeddable":true,"href":"https:\/\/www.porno-videa.eu\/index.php?rest_route=\/wp\/v2\/users\/1"}],"replies":[{"embeddable":true,"href":"https:\/\/www.porno-videa.eu\/index.php?rest_route=%2Fwp%2Fv2%2Fcomments&post=132"}],"version-history":[{"count":1,"href":"https:\/\/www.porno-videa.eu\/index.php?rest_route=\/wp\/v2\/pages\/132\/revisions"}],"predecessor-version":[{"id":2859,"href":"https:\/\/www.porno-videa.eu\/index.php?rest_route=\/wp\/v2\/pages\/132\/revisions\/2859"}],"wp:attachment":[{"href":"https:\/\/www.porno-videa.eu\/index.php?rest_route=%2Fwp%2Fv2%2Fmedia&parent=132"}],"curies":[{"name":"wp","href":"https:\/\/api.w.org\/{rel}","templated":true}]}}