{"id":1909,"date":"2021-01-14T12:51:38","date_gmt":"2021-01-14T11:51:38","guid":{"rendered":"https:\/\/www.porno-videa.eu\/?page_id=1909"},"modified":"2021-01-14T12:51:39","modified_gmt":"2021-01-14T11:51:39","slug":"contact-kontakt","status":"publish","type":"page","link":"https:\/\/www.porno-videa.eu\/?page_id=1909","title":{"rendered":"Contact\/Kontakt"},"content":{"rendered":"<p>If you have questions, comments, or want to delete content, use this email: Info@pornot.cz<\/p>\n<ul>\n<li>To delete a post, please enter the URL (link) in the email.<br \/>\nVideos are not stored on this server. They are mostly stored on Redtube, Pornhub, eporner, etc ..<\/li>\n<\/ul>\n<p>We usually respond within 24 hours.<\/p>\n<p>__________________________________________________________________________<\/p>\n<p>Pokud m\u00e1te dotazy, koment\u00e1\u0159e nebo chcete smazat obsah, pou\u017eijte tento e-mail: Info@pornot.cz<\/p>\n<ul>\n<li style=\"text-align: left;\">Chcete-li p\u0159\u00edsp\u011bvek smazat, zadejte do e-mailu adresu URL (odkaz).<br \/>\nVidea se na tomto serveru neukl\u00e1daj\u00ed. V\u011bt\u0161inou jsou ulo\u017eeny na Redtube, Pornhub, eporner, atd.<\/p>\n<p>Obvykle odpov\u00edme do 24 hodin.<\/li>\n<\/ul>\n","protected":false},"excerpt":{"rendered":"<p>If you have questions, comments, or want to delete content, use this email: Info@pornot.cz To delete a post, please enter the URL (link) in the email. Videos are not stored on this server. They are mostly stored on Redtube, Pornhub, eporner, etc .. We usually respond within 24 hours. __________________________________________________________________________ Pokud m\u00e1te dotazy, koment\u00e1\u0159e nebo [&hellip;]<\/p>\n","protected":false},"author":1,"featured_media":0,"parent":0,"menu_order":0,"comment_status":"closed","ping_status":"closed","template":"","meta":{"footnotes":""},"class_list":["post-1909","page","type-page","status-publish","hentry"],"_links":{"self":[{"href":"https:\/\/www.porno-videa.eu\/index.php?rest_route=\/wp\/v2\/pages\/1909","targetHints":{"allow":["GET"]}}],"collection":[{"href":"https:\/\/www.porno-videa.eu\/index.php?rest_route=\/wp\/v2\/pages"}],"about":[{"href":"https:\/\/www.porno-videa.eu\/index.php?rest_route=\/wp\/v2\/types\/page"}],"author":[{"embeddable":true,"href":"https:\/\/www.porno-videa.eu\/index.php?rest_route=\/wp\/v2\/users\/1"}],"replies":[{"embeddable":true,"href":"https:\/\/www.porno-videa.eu\/index.php?rest_route=%2Fwp%2Fv2%2Fcomments&post=1909"}],"version-history":[{"count":0,"href":"https:\/\/www.porno-videa.eu\/index.php?rest_route=\/wp\/v2\/pages\/1909\/revisions"}],"wp:attachment":[{"href":"https:\/\/www.porno-videa.eu\/index.php?rest_route=%2Fwp%2Fv2%2Fmedia&parent=1909"}],"curies":[{"name":"wp","href":"https:\/\/api.w.org\/{rel}","templated":true}]}}