{"id":3,"date":"2020-04-04T23:26:37","date_gmt":"2020-04-04T21:26:37","guid":{"rendered":"https:\/\/www.porno-videa.eu\/?page_id=3"},"modified":"2024-07-31T12:57:51","modified_gmt":"2024-07-31T10:57:51","slug":"zasady-ochrany-osobnich-udaju","status":"publish","type":"page","link":"https:\/\/www.porno-videa.eu\/?page_id=3","title":{"rendered":"Z\u00e1sady ochrany osobn\u00edch \u00fadaj\u016f"},"content":{"rendered":"\n<h2 class=\"wp-block-heading\">Kdo jsme<\/h2>\n\n\n\n<p>Na\u0161e webov\u00e1 adresa je: <a href=\"https:\/\/www.porno-videa.eu\">https:\/\/www.porno-videa.eu<\/a>.<\/p>\n\n\n\n<h3 class=\"wp-block-heading\">Koment\u00e1\u0159e<\/h3>\n\n\n\n<p>Kdy\u017e n\u00e1v\u0161t\u011bvn\u00edci zanech\u00e1vaj\u00ed koment\u00e1\u0159e na na\u0161em webu, sb\u00edr\u00e1me data uveden\u00e1 ve formul\u00e1\u0159i koment\u00e1\u0159\u016f, stejn\u011b jako IP adresu n\u00e1v\u0161t\u011bvn\u00edka a \u0159et\u011bzec u\u017eivatelsk\u00e9ho agenta prohl\u00ed\u017ee\u010de, abychom pomohli detekci spamu.<\/p>\n\n\n\n<p>Anonymizovan\u00fd \u0159et\u011bzec vytvo\u0159en\u00fd z va\u0161\u00ed e-mailov\u00e9 adresy (tak\u00e9 naz\u00fdvan\u00fd hash) m\u016f\u017ee b\u00fdt poskytnut slu\u017eb\u011b Gravatar, abychom zjistili, zda ji pou\u017e\u00edv\u00e1te. Z\u00e1sady ochrany soukrom\u00ed slu\u017eby Gravatar jsou k dispozici zde: <a href=\"https:\/\/automattic.com\/privacy\/\" target=\"_blank\" rel=\"noopener\">https:\/\/automattic.com\/privacy\/<\/a>. Po schv\u00e1len\u00ed va\u0161eho koment\u00e1\u0159e bude va\u0161e profilov\u00e1 fotka viditeln\u00e1 ve\u0159ejnosti v kontextu va\u0161eho koment\u00e1\u0159e.<\/p>\n\n\n\n<h3 class=\"wp-block-heading\">M\u00e9dia<\/h3>\n\n\n\n<p>Pokud nahr\u00e1v\u00e1te obr\u00e1zky na webov\u00e9 str\u00e1nky, m\u011bli byste se vyhnout nahr\u00e1v\u00e1n\u00ed obr\u00e1zk\u016f s vlo\u017een\u00fdmi \u00fadaji o poloze (EXIF GPS). N\u00e1v\u0161t\u011bvn\u00edci webov\u00fdch str\u00e1nek mohou st\u00e1hnout a extrahovat jak\u00e9koliv \u00fadaje o poloze z obr\u00e1zk\u016f na webu.<\/p>\n\n\n\n<h3 class=\"wp-block-heading\">Cookies<\/h3>\n\n\n\n<p>Pokud zanech\u00e1te koment\u00e1\u0159 na na\u0161em webu, m\u016f\u017eete se rozhodnout ulo\u017eit sv\u00e9 jm\u00e9no, e-mailovou adresu a webovou str\u00e1nku do cookies. Tyto cookies jsou pro va\u0161e pohodl\u00ed, abyste nemuseli znovu vypl\u0148ovat sv\u00e9 \u00fadaje p\u0159i odchodu dal\u0161\u00edho koment\u00e1\u0159e. Tyto cookies budou platn\u00e9 po dobu jednoho roku.<\/p>\n\n\n\n<p>Pokud nav\u0161t\u00edv\u00edte na\u0161i p\u0159ihla\u0161ovac\u00ed str\u00e1nku, nastav\u00edme do\u010dasn\u00e9 cookie, abychom zjistili, zda v\u00e1\u0161 prohl\u00ed\u017ee\u010d cookies p\u0159ij\u00edm\u00e1. Toto cookie neobsahuje \u017e\u00e1dn\u00e1 osobn\u00ed data a je odstran\u011bno, kdy\u017e zav\u0159ete prohl\u00ed\u017ee\u010d.<\/p>\n\n\n\n<p>Kdy\u017e se p\u0159ihl\u00e1s\u00edte, nastav\u00edme n\u011bkolik cookies k ulo\u017een\u00ed va\u0161ich p\u0159ihla\u0161ovac\u00edch \u00fadaj\u016f a voleb zobrazen\u00ed obrazovky. Cookies pro p\u0159ihl\u00e1\u0161en\u00ed trvaj\u00ed dva dny, a cookies pro mo\u017enosti obrazovky trvaj\u00ed jeden rok. Pokud zvol\u00edte \u201cZapamatovat si m\u011b\u201d, va\u0161e p\u0159ihl\u00e1\u0161en\u00ed bude trvat dva t\u00fddny. Pokud se odhl\u00e1s\u00edte ze sv\u00e9ho \u00fa\u010dtu, cookies pro p\u0159ihl\u00e1\u0161en\u00ed budou odstran\u011bny.<\/p>\n\n\n\n<p>Pokud uprav\u00edte nebo publikujete \u010dl\u00e1nek, v prohl\u00ed\u017ee\u010di se ulo\u017e\u00ed dal\u0161\u00ed cookie. Toto cookie neobsahuje \u017e\u00e1dn\u00e1 osobn\u00ed data a jednodu\u0161e ukazuje ID p\u0159\u00edsp\u011bvku \u010dl\u00e1nku, kter\u00fd jste pr\u00e1v\u011b upravili. Expiruje po jednom dni.<\/p>\n\n\n\n<h3 class=\"wp-block-heading\">Vlo\u017een\u00fd obsah z jin\u00fdch web\u016f<\/h3>\n\n\n\n<p>\u010cl\u00e1nky na tomto webu mohou obsahovat vlo\u017een\u00fd obsah (nap\u0159. videa, obr\u00e1zky, \u010dl\u00e1nky atd.). Vlo\u017een\u00fd obsah z jin\u00fdch web\u016f se chov\u00e1 \u00fapln\u011b stejn\u011b, jako kdyby n\u00e1v\u0161t\u011bvn\u00edk nav\u0161t\u00edvil jin\u00fd web.<\/p>\n\n\n\n<p>Tyto weby mohou shroma\u017e\u010fovat data o v\u00e1s, pou\u017e\u00edvat cookies, vkl\u00e1dat dal\u0161\u00ed sledov\u00e1n\u00ed t\u0159et\u00edmi stranami a monitorovat va\u0161i interakci s t\u00edmto vlo\u017een\u00fdm obsahem, v\u010detn\u011b sledov\u00e1n\u00ed va\u0161\u00ed interakce s vlo\u017een\u00fdm obsahem, pokud m\u00e1te \u00fa\u010det a jste p\u0159ihl\u00e1\u0161eni na tento web.<\/p>\n\n\n\n<h3 class=\"wp-block-heading\">S k\u00fdm sd\u00edl\u00edme va\u0161e data<\/h3>\n\n\n\n<p>Pokud po\u017e\u00e1d\u00e1te o resetov\u00e1n\u00ed hesla, va\u0161e IP adresa bude zahrnuta do e-mailu pro resetov\u00e1n\u00ed.<\/p>\n\n\n\n<h3 class=\"wp-block-heading\">Jak dlouho uchov\u00e1v\u00e1me va\u0161e data<\/h3>\n\n\n\n<p>Pokud zanech\u00e1te koment\u00e1\u0159, koment\u00e1\u0159 a jeho metadata se uchov\u00e1vaj\u00ed neomezen\u011b. To n\u00e1m umo\u017e\u0148uje automaticky rozpoznat a schv\u00e1lit jak\u00e9koliv n\u00e1sledn\u00e9 koment\u00e1\u0159e m\u00edsto toho, abychom je dr\u017eeli v moder\u00e1torsk\u00e9 front\u011b.<\/p>\n\n\n\n<p>U u\u017eivatel\u016f, kte\u0159\u00ed se registruj\u00ed na na\u0161ich webov\u00fdch str\u00e1nk\u00e1ch (pokud n\u011bjak\u00e9 existuj\u00ed), tak\u00e9 uchov\u00e1v\u00e1me osobn\u00ed informace, kter\u00e9 poskytnou ve sv\u00e9m u\u017eivatelsk\u00e9m profilu. V\u0161ichni u\u017eivatel\u00e9 mohou kdykoli vid\u011bt, upravit nebo smazat sv\u00e9 osobn\u00ed \u00fadaje (krom\u011b toho, \u017ee nemohou zm\u011bnit sv\u00e9 u\u017eivatelsk\u00e9 jm\u00e9no). Webov\u00ed administr\u00e1to\u0159i tak\u00e9 mohou vid\u011bt a upravit tyto informace.<\/p>\n\n\n\n<h3 class=\"wp-block-heading\">Jak\u00e1 pr\u00e1va m\u00e1te na sv\u00e1 data<\/h3>\n\n\n\n<p>Pokud m\u00e1te \u00fa\u010det na tomto webu, nebo jste zanechali koment\u00e1\u0159e, m\u016f\u017eete po\u017e\u00e1dat o exportovan\u00fd soubor osobn\u00edch \u00fadaj\u016f, kter\u00e9 o v\u00e1s m\u00e1me, v\u010detn\u011b jak\u00fdchkoli \u00fadaj\u016f, kter\u00e9 jste n\u00e1m poskytli. M\u016f\u017eete tak\u00e9 po\u017e\u00e1dat, abychom smazali jak\u00e9koliv osobn\u00ed \u00fadaje, kter\u00e9 o v\u00e1s m\u00e1me. To nezahrnuje \u017e\u00e1dn\u00e1 data, kter\u00e1 jsme povinni uchov\u00e1vat z administrativn\u00edch, pr\u00e1vn\u00edch nebo bezpe\u010dnostn\u00edch d\u016fvod\u016f.<\/p>\n\n\n\n<h3 class=\"wp-block-heading\">Kam jsou va\u0161e data odes\u00edl\u00e1na<\/h3>\n\n\n\n<p>Koment\u00e1\u0159e n\u00e1v\u0161t\u011bvn\u00edk\u016f mohou b\u00fdt kontrolov\u00e1ny prost\u0159ednictv\u00edm automatizovan\u00e9 slu\u017eby pro detekci spamu.<\/p>\n","protected":false},"excerpt":{"rendered":"<p>Kdo jsme Na\u0161e webov\u00e1 adresa je: https:\/\/www.porno-videa.eu. Koment\u00e1\u0159e Kdy\u017e n\u00e1v\u0161t\u011bvn\u00edci zanech\u00e1vaj\u00ed koment\u00e1\u0159e na na\u0161em webu, sb\u00edr\u00e1me data uveden\u00e1 ve formul\u00e1\u0159i koment\u00e1\u0159\u016f, stejn\u011b jako IP adresu n\u00e1v\u0161t\u011bvn\u00edka a \u0159et\u011bzec u\u017eivatelsk\u00e9ho agenta prohl\u00ed\u017ee\u010de, abychom pomohli detekci spamu. Anonymizovan\u00fd \u0159et\u011bzec vytvo\u0159en\u00fd z va\u0161\u00ed e-mailov\u00e9 adresy (tak\u00e9 naz\u00fdvan\u00fd hash) m\u016f\u017ee b\u00fdt poskytnut slu\u017eb\u011b Gravatar, abychom zjistili, zda ji pou\u017e\u00edv\u00e1te. [&hellip;]<\/p>\n","protected":false},"author":1,"featured_media":0,"parent":0,"menu_order":0,"comment_status":"closed","ping_status":"closed","template":"","meta":{"footnotes":""},"class_list":["post-3","page","type-page","status-publish","hentry"],"_links":{"self":[{"href":"https:\/\/www.porno-videa.eu\/index.php?rest_route=\/wp\/v2\/pages\/3","targetHints":{"allow":["GET"]}}],"collection":[{"href":"https:\/\/www.porno-videa.eu\/index.php?rest_route=\/wp\/v2\/pages"}],"about":[{"href":"https:\/\/www.porno-videa.eu\/index.php?rest_route=\/wp\/v2\/types\/page"}],"author":[{"embeddable":true,"href":"https:\/\/www.porno-videa.eu\/index.php?rest_route=\/wp\/v2\/users\/1"}],"replies":[{"embeddable":true,"href":"https:\/\/www.porno-videa.eu\/index.php?rest_route=%2Fwp%2Fv2%2Fcomments&post=3"}],"version-history":[{"count":2,"href":"https:\/\/www.porno-videa.eu\/index.php?rest_route=\/wp\/v2\/pages\/3\/revisions"}],"predecessor-version":[{"id":2862,"href":"https:\/\/www.porno-videa.eu\/index.php?rest_route=\/wp\/v2\/pages\/3\/revisions\/2862"}],"wp:attachment":[{"href":"https:\/\/www.porno-videa.eu\/index.php?rest_route=%2Fwp%2Fv2%2Fmedia&parent=3"}],"curies":[{"name":"wp","href":"https:\/\/api.w.org\/{rel}","templated":true}]}}